{"id":77,"date":"2021-02-11T12:05:49","date_gmt":"2021-02-11T12:05:49","guid":{"rendered":"http:\/\/www.ieas-szeged.hu\/litphd\/?page_id=77"},"modified":"2024-05-20T10:42:18","modified_gmt":"2024-05-20T10:42:18","slug":"prerequisites-for-submitting-your-dissertation","status":"publish","type":"page","link":"https:\/\/www.ieas-szeged.hu\/litphd\/dissertation-defense-protocol\/prerequisites-for-submitting-your-dissertation\/","title":{"rendered":"Prerequisites for submitting your dissertation"},"content":{"rendered":"\n<h3 class=\"wp-block-heading\"><strong>I.<\/strong> <strong>Certificates of advanced command of two foreign languages<\/strong><\/h3>\n\n\n\n<p>All PhD students must certify language proficiency&nbsp;by<\/p>\n\n\n\n<p>1) one B2 level complex (oral and written) examination (in English or the language of their study program if different) and&nbsp;<\/p>\n\n\n\n<p>2) one complex exam in another foreign language, this may be:<\/p>\n\n\n\n<ul class=\"wp-block-list\">\n<li>= an accredited\u00a0international or Hungarian State Examination (elementary, B1 level or higher)<\/li>\n\n\n\n<li>= a so-called \u201cinternal PhD language examination\u201d at the University&#8217;s Foreign Language Center (Idegennyelvi Kommunik\u00e1ci\u00f3s Int\u00e9zet = IKI (Szeged, Honv\u00e9d t\u00e9r 6)). This is not an accredited State Examination, because it is organized by Szeged University, but the language certificates that PhD students can get when they pass this exam\u00a0are accepted by the University to certify that the PhD students have met all\u00a0requirements related to the required foreign language proficiency. Hungarian students take a bilingual exam including a translation part, while foreign\u00a0students can take a monolingual exam with no translation part in it. This complex language exam is available in English, French, German, Italian, Russian, Spanish, or Hungarian as a\u00a0foreign language. For more information check <a href=\"http:\/\/www.lingo.u-szeged.hu\/language-examinations\">IKI\u2019s webpage<\/a>. The examination costs 8000 Ft and must be paid by bank card. Examinations are organized several times a year, namely in January, April, June, September. The deadline for applications is usually 2 weeks prior to the date of the examination.<\/li>\n\n\n\n<li>The <a href=\"http:\/\/hungarianstudies.hu\/\">Centre for Hungarian Studies<\/a> also offers internal PhD language exams. \u00a0<\/li>\n\n\n\n<li>= in special cases the program may accept other proofs of your language proficiency including high school diplomas if the language of your formation was in a language other than your native language, or an official translator\/interpreter ID, etc.<\/li>\n<\/ul>\n\n\n\n<p>Note: Students must contact the Registrar\u2019s Office (TO) (1-4<sup>th<\/sup> year) or the Administrator of Doctoral Affairs (after the 4<sup>th<\/sup> year) to have their Language Certificates uploaded on Neptun prior to the defense the latest.<\/p>\n\n\n\n<h3 class=\"wp-block-heading\"><strong>II.<\/strong> <strong>5 academic publications<\/strong><\/h3>\n\n\n\n<p>Out of the prerequisite five publications, at least two must be in English, at least two should have a focus corresponding with the topic of your dissertation. Each of the required articles must be at least 6.000 words long (including spaces and bibliography), published in a peer-reviewed: academic journal, collection, conference proceeding or an academic monograph.<\/p>\n\n\n\n<h3 class=\"wp-block-heading\"><strong>III. Conference attendance<\/strong> <strong>and presentations<\/strong><\/h3>\n\n\n\n<p>As prescribed in your Individual Research course requirements. Conference attendance is highly recommended not least because it might provide you with a publication opportunity (II). Try to present conference papers throughout your PhD studies but at least at 3 national or international academic events. <a href=\"http:\/\/husse-esse.hu\/\">HUSSE <\/a>and HAAS conferences are organised biannually, <a href=\"https:\/\/essenglish.org\/\">ESSE<\/a>\u2019s Doctoral Symposium is designed to provide a platform for young scholars wishing to receive feedback on their works in progress from the international academic community. SZTE IEAS organises <a href=\"http:\/\/szeged-english.hu\/conferences\/\">its own conferences<\/a>: one on Language, Ideology, and Media (<a href=\"http:\/\/gender.ieas-szeged.hu\/conferences\/\">NYIM \u201cNyelv, Ideol\u00f3gia, M\u00e9dia\u201d <\/a>organised by TNT research group), and one devoted to Shakespeare Studies (\u201cJ\u00e1g\u00f3nak\u201d organised by REGCIS research group).<\/p>\n\n\n\n<h3 class=\"wp-block-heading\"><strong>IV. Registration to MTMT (Hungarian Database of Academic Publications) website<\/strong><\/h3>\n\n\n\n<p>Before submitting your dissertation, you must record the data of your publications in the online MTMT database. After having registered to <a href=\"https:\/\/m2.mtmt.hu\/frontend\/\"><strong>MTMT<\/strong><\/a> you will receive an email notification from Csilla Bern\u00e1tskyn\u00e9 Babus on behalf of Szeged TIK Library asking you to confirm your MTMT registration. After your confirmation, your MTMT platform will be activated, and you can start uploading the data of your publications. After uploading your publication data, please contact Dr <a href=\"mailto:corazoltan@gmail.com\">Zolt\u00e1n Cora<\/a> who will validate your entries.<\/p>\n\n\n\n<h3 class=\"wp-block-heading\"><strong>V. Teaching practice<\/strong> <\/h3>\n\n\n\n<p>This is a mandatory part of the 4 years long programme. Students can either contribute to a team-taught class, teach a class in cooperation with their supervisor, teach an Introductory BA level class, or prepare the design\/ outline of a semester-long course and explain its methodology and objectives at a PhD research seminar session.<\/p>\n","protected":false},"excerpt":{"rendered":"<p>I. Certificates of advanced command of two foreign languages All PhD students must certify language proficiency&nbsp;by 1) one B2 level complex (oral and written) examination (in English or the language of their study program if different) and&nbsp; 2) one complex exam in another foreign language, this may be: Note: Students must contact the Registrar\u2019s Office&hellip; <a class=\"more-link\" href=\"https:\/\/www.ieas-szeged.hu\/litphd\/dissertation-defense-protocol\/prerequisites-for-submitting-your-dissertation\/\">Continue reading <span class=\"screen-reader-text\">Prerequisites for submitting your dissertation<\/span><\/a><\/p>\n","protected":false},"author":2,"featured_media":0,"parent":75,"menu_order":0,"comment_status":"closed","ping_status":"closed","template":"","meta":{"footnotes":""},"class_list":["post-77","page","type-page","status-publish","hentry","entry"],"_links":{"self":[{"href":"https:\/\/www.ieas-szeged.hu\/litphd\/wp-json\/wp\/v2\/pages\/77","targetHints":{"allow":["GET"]}}],"collection":[{"href":"https:\/\/www.ieas-szeged.hu\/litphd\/wp-json\/wp\/v2\/pages"}],"about":[{"href":"https:\/\/www.ieas-szeged.hu\/litphd\/wp-json\/wp\/v2\/types\/page"}],"author":[{"embeddable":true,"href":"https:\/\/www.ieas-szeged.hu\/litphd\/wp-json\/wp\/v2\/users\/2"}],"replies":[{"embeddable":true,"href":"https:\/\/www.ieas-szeged.hu\/litphd\/wp-json\/wp\/v2\/comments?post=77"}],"version-history":[{"count":7,"href":"https:\/\/www.ieas-szeged.hu\/litphd\/wp-json\/wp\/v2\/pages\/77\/revisions"}],"predecessor-version":[{"id":268,"href":"https:\/\/www.ieas-szeged.hu\/litphd\/wp-json\/wp\/v2\/pages\/77\/revisions\/268"}],"up":[{"embeddable":true,"href":"https:\/\/www.ieas-szeged.hu\/litphd\/wp-json\/wp\/v2\/pages\/75"}],"wp:attachment":[{"href":"https:\/\/www.ieas-szeged.hu\/litphd\/wp-json\/wp\/v2\/media?parent=77"}],"curies":[{"name":"wp","href":"https:\/\/api.w.org\/{rel}","templated":true}]}}