{"id":50,"date":"2021-02-09T13:59:18","date_gmt":"2021-02-09T13:59:18","guid":{"rendered":"http:\/\/www.ieas-szeged.hu\/litphd\/?page_id=50"},"modified":"2023-10-02T07:40:50","modified_gmt":"2023-10-02T07:40:50","slug":"research-topics","status":"publish","type":"page","link":"https:\/\/www.ieas-szeged.hu\/litphd\/research-topics\/","title":{"rendered":"Research Topics"},"content":{"rendered":"\n<h2 class=\"wp-block-heading\"><strong>PhD research topics offered by instructors, as of January 2021<\/strong><\/h2>\n\n\n\n<p><strong><a href=\"mailto:iannus@lit.u-szeged.hu\" data-type=\"mailto\" data-id=\"mailto:iannus@lit.u-szeged.hu\">Annus Ir\u00e9n<\/a><\/strong><br>Identity studies in American context<br>Gender and race\/ethnicity in American culture<br>19th-century American culture<br>Visual culture in the US<\/p>\n\n\n\n<p><strong><a href=\"mailto:korinnac@yahoo.com\">Cset\u00e9nyi Korinna<\/a><\/strong><br>Gothic literature<br>Horror literature and films <br><\/p>\n\n\n\n<p><strong><a href=\"mailto:cristian@lit.u-szeged.hu\" data-type=\"mailto\" data-id=\"mailto:cristian@lit.u-szeged.hu\">Cristian R\u00e9ka M\u00f3nika<\/a><\/strong><br>American film and film theories<br>Modern American drama, modern American literature<br>Theories of American studies<\/p>\n\n\n\n<p><strong><a href=\"mailto:dragon@ieas-szeged.hu\" data-type=\"mailto\" data-id=\"mailto:dragon@ieas-szeged.hu\">Dragon Zolt\u00e1n<\/a><\/strong><br>New Media and New Formulations of the Visual<br>Film Adaptation: Intertextual, Dialogic and Transmedial Approaches in English<br>Visual Culture in the U.S.: Photography and the Moving Image<\/p>\n\n\n\n<p><strong><a href=\"mailto:akerchy@gmail.com\" data-type=\"mailto\" data-id=\"mailto:akerchy@gmail.com\">K\u00e9rchy Anna<\/a><\/strong><br>Intersections of Women\u2019s Literature \/Arts, Gender Studies, and Body Studies<br>The Literatures of the Fantastic<br>Parallels of the Victorian and the Postmodern fantastic imagination<br>Children\u2019s\/ Young Adult Literature<br>Fairy-tale studies<br>Intermedial cultural representations, transmedia storytelling<br>Animal\/ plant studies<\/p>\n\n\n\n<p><strong><a href=\"mailto:akiss@sol.cc.u-szeged.hu\" data-type=\"mailto\" data-id=\"mailto:akiss@sol.cc.u-szeged.hu\">Kiss Attila<\/a><\/strong><br>Mediality and Semiotics: Theories and case studies of visual and verbal cultural representations<br>Early modern and postmodern cultural representations in literatures and cultures in English, and their comparative analysis<br>Literature and the Semiotics of the Subject<\/p>\n\n\n\n<p><strong><a href=\"mailto:akovacs@sol.cc.u-szeged.hu\" data-type=\"mailto\" data-id=\"mailto:akovacs@sol.cc.u-szeged.hu\">Kov\u00e1cs \u00c1gnes Zs\u00f3fia<\/a><\/strong><br>Interacting discourses of American literary realism and modernism<br>Modernist US travel writing from postcolonial perspectives<br>The making of racial, class, and gender identities\/histories in contemporary US identity prose<br>African American women and the fictional rewriting of US history<\/p>\n\n\n\n<p><strong><a href=\"mailto:magnes@ieas-szeged.hu\" data-type=\"mailto\" data-id=\"mailto:magnes@ieas-szeged.hu\">Matuska \u00c1gnes<\/a><\/strong><br>Performance traditions in late Tudor and early modern English drama<br>Multimedia Shakespeare adaptations<br>Intersections between early modern and postmodern performance traditions<\/p>\n\n\n\n<p><strong><a href=\"mailto:robert.peter@ieas-szeged.hu\" data-type=\"mailto\" data-id=\"mailto:robert.peter@ieas-szeged.hu\">P\u00e9ter R\u00f3bert<\/a><\/strong><br>17-18th century British studies (history of ideas; religious, press and cultural history, Enlightenment studies)<br>Digital humanities (distant reading, visualization, topic modeling, network and metadata analyses)<br>British-Hungarian relations, 1600-1850. Representations of Hungary and Transylvania in the British press<br>History of secret societies (e.g. Freemasonry)<\/p>\n\n\n\n<p><strong>Sz\u00e9lp\u00e1l L\u00edvia Kl\u00e1ra<\/strong> TBA<\/p>\n\n\n\n<p><strong><a href=\"mailto:geszonyi@gmail.com\" data-type=\"mailto\" data-id=\"mailto:geszonyi@gmail.com\">Sz\u0151nyi Gy\u00f6rgy Endre<\/a><\/strong><br>Mediality and Semiography: Theories and case studies of visual and verbal cultural representations<br>Questions of English intellectual and cultural history<br>Imagination, the fantastic, heterodoxy, and occultism in Ango-Saxon culture (16<sup>th<\/sup>-21<sup>st<\/sup> centuries)<br>Theories, aesthetics and philosophies of cultural representations (with special emphasis on the Early Modern Age and its Postmodern reception)<\/p>\n\n\n\n<p><strong><a href=\"mailto:tothzsofianna@gmail.com\" data-type=\"mailto\" data-id=\"mailto:tothzsofianna@gmail.com\">T\u00f3th Zs\u00f3fia Anna<\/a><\/strong><br>Cultural history of <em>femme fatale<\/em> figures, Representations of women and violence<br>Jane Austen studies<br>American popular culture and cinema (especially Disney and Pixar animated films)<br>Humour studies and theories (special interest in women\u2019s humor)<\/p>\n\n\n\n<p><strong><a href=\"mailto:vajda@lit.u-szeged.hu\" data-type=\"mailto\" data-id=\"mailto:vajda@lit.u-szeged.hu\">Vajda Zolt\u00e1n<\/a><\/strong><br>American intellectual history and cultural history, 18<sup>th<\/sup> \u2013 19<sup>th<\/sup> century<\/p>\n\n\n\n<p><strong><a href=\"mailto:larisa@ieas-szeged.hu\" data-type=\"mailto\" data-id=\"mailto:larisa@ieas-szeged.hu\">Z\u00e1mb\u00f3n\u00e9 Kocic Larisa<\/a><\/strong><br>17<sup>th<\/sup>-century English literature (especially John Donne and John Milton)<br>Women (Writers) in the Early Modern English Literature<br>18th-century Visual Storytelling (&amp; Satire)<br>Literacy and orality of culture (Protomodern and Postmodern)<br>Comics and Fandom Studies (media specificity, image-text interplay, and orality of fan fictions)<\/p>\n","protected":false},"excerpt":{"rendered":"<p>PhD research topics offered by instructors, as of January 2021 Annus Ir\u00e9nIdentity studies in American contextGender and race\/ethnicity in American culture19th-century American cultureVisual culture in the US Cset\u00e9nyi KorinnaGothic literatureHorror literature and films Cristian R\u00e9ka M\u00f3nikaAmerican film and film theoriesModern American drama, modern American literatureTheories of American studies Dragon Zolt\u00e1nNew Media and New Formulations of&hellip; <a class=\"more-link\" href=\"https:\/\/www.ieas-szeged.hu\/litphd\/research-topics\/\">Continue reading <span class=\"screen-reader-text\">Research Topics<\/span><\/a><\/p>\n","protected":false},"author":2,"featured_media":0,"parent":0,"menu_order":0,"comment_status":"closed","ping_status":"closed","template":"","meta":{"footnotes":""},"class_list":["post-50","page","type-page","status-publish","hentry","entry"],"_links":{"self":[{"href":"https:\/\/www.ieas-szeged.hu\/litphd\/wp-json\/wp\/v2\/pages\/50","targetHints":{"allow":["GET"]}}],"collection":[{"href":"https:\/\/www.ieas-szeged.hu\/litphd\/wp-json\/wp\/v2\/pages"}],"about":[{"href":"https:\/\/www.ieas-szeged.hu\/litphd\/wp-json\/wp\/v2\/types\/page"}],"author":[{"embeddable":true,"href":"https:\/\/www.ieas-szeged.hu\/litphd\/wp-json\/wp\/v2\/users\/2"}],"replies":[{"embeddable":true,"href":"https:\/\/www.ieas-szeged.hu\/litphd\/wp-json\/wp\/v2\/comments?post=50"}],"version-history":[{"count":6,"href":"https:\/\/www.ieas-szeged.hu\/litphd\/wp-json\/wp\/v2\/pages\/50\/revisions"}],"predecessor-version":[{"id":245,"href":"https:\/\/www.ieas-szeged.hu\/litphd\/wp-json\/wp\/v2\/pages\/50\/revisions\/245"}],"wp:attachment":[{"href":"https:\/\/www.ieas-szeged.hu\/litphd\/wp-json\/wp\/v2\/media?parent=50"}],"curies":[{"name":"wp","href":"https:\/\/api.w.org\/{rel}","templated":true}]}}